{"id":33,"date":"2024-04-14T05:03:30","date_gmt":"2024-04-14T03:03:30","guid":{"rendered":"https:\/\/mandarinlearning-belgium.org\/?page_id=33"},"modified":"2024-04-21T12:33:41","modified_gmt":"2024-04-21T10:33:41","slug":"telecharger","status":"publish","type":"page","link":"https:\/\/mandarinlearning-belgium.org\/en\/telecharger\/","title":{"rendered":"Download"},"content":{"rendered":"<div data-elementor-type=\"wp-page\" data-elementor-id=\"33\" class=\"elementor elementor-33\" data-elementor-post-type=\"page\">\n\t\t\t\t<div data-particle_enable=\"false\" data-particle-mobile-disabled=\"false\" class=\"elementor-element elementor-element-6f19374 e-flex e-con-boxed e-con e-parent\" data-id=\"6f19374\" data-element_type=\"container\" data-e-type=\"container\">\n\t\t\t\t\t<div class=\"e-con-inner\">\n\t\t<div data-particle_enable=\"false\" data-particle-mobile-disabled=\"false\" class=\"elementor-element elementor-element-0482e9f e-flex e-con-boxed e-con e-child\" data-id=\"0482e9f\" data-element_type=\"container\" data-e-type=\"container\">\n\t\t\t\t\t<div class=\"e-con-inner\">\n\t\t\t\t<div class=\"elementor-element elementor-element-101be96 elementor-widget elementor-widget-heading\" data-id=\"101be96\" data-element_type=\"widget\" data-e-type=\"widget\" data-widget_type=\"heading.default\">\n\t\t\t\t<div class=\"elementor-widget-container\">\n\t\t\t\t\t<h2 class=\"elementor-heading-title elementor-size-default\">\u0f3a Download \u0f3b<\/h2>\t\t\t\t<\/div>\n\t\t\t\t<\/div>\n\t\t\t\t<div class=\"elementor-element elementor-element-612dc6e elementor-widget-divider--view-line elementor-widget elementor-widget-divider\" data-id=\"612dc6e\" data-element_type=\"widget\" data-e-type=\"widget\" data-widget_type=\"divider.default\">\n\t\t\t\t<div class=\"elementor-widget-container\">\n\t\t\t\t\t\t\t<div class=\"elementor-divider\">\n\t\t\t<span class=\"elementor-divider-separator\">\n\t\t\t\t\t\t<\/span>\n\t\t<\/div>\n\t\t\t\t\t\t<\/div>\n\t\t\t\t<\/div>\n\t\t\t\t<div class=\"elementor-element elementor-element-03f0c2d elementor-widget elementor-widget-heading\" data-id=\"03f0c2d\" data-element_type=\"widget\" data-e-type=\"widget\" data-widget_type=\"heading.default\">\n\t\t\t\t<div class=\"elementor-widget-container\">\n\t\t\t\t\t<h4 class=\"elementor-heading-title elementor-size-default\">\u300aTextbook\u300b<\/h4>\t\t\t\t<\/div>\n\t\t\t\t<\/div>\n\t\t\t\t\t<\/div>\n\t\t\t\t<\/div>\n\t\t\t\t\t<\/div>\n\t\t\t\t<\/div>\n\t\t<div data-particle_enable=\"false\" data-particle-mobile-disabled=\"false\" class=\"elementor-element elementor-element-b377db9 e-flex e-con-boxed e-con e-parent\" data-id=\"b377db9\" data-element_type=\"container\" data-e-type=\"container\">\n\t\t\t\t\t<div class=\"e-con-inner\">\n\t\t<div data-particle_enable=\"false\" data-particle-mobile-disabled=\"false\" class=\"elementor-element elementor-element-dff4d74 e-con-full e-flex e-con e-child\" data-id=\"dff4d74\" data-element_type=\"container\" data-e-type=\"container\">\n\t\t\t\t<div class=\"elementor-element elementor-element-04f95eb elementor-widget elementor-widget-image\" data-id=\"04f95eb\" data-element_type=\"widget\" data-e-type=\"widget\" data-widget_type=\"image.default\">\n\t\t\t\t<div class=\"elementor-widget-container\">\n\t\t\t\t\t\t\t\t\t\t\t\t\t\t\t\t<a href=\"https:\/\/mandarinlearning-belgium.org\/wp-content\/uploads\/2024\/04\/\u4f86\u5b78\u83ef\u8a9e\u8ab2\u672c\u7b2c\u4e00\u518a.pdf\" target=\"_blank\">\n\t\t\t\t\t\t\t<img fetchpriority=\"high\" decoding=\"async\" width=\"211\" height=\"300\" src=\"https:\/\/mandarinlearning-belgium.org\/wp-content\/uploads\/2024\/04\/\u8ab2\u672c1-211x300.png\" class=\"attachment-medium size-medium wp-image-360\" alt=\"\" srcset=\"https:\/\/mandarinlearning-belgium.org\/wp-content\/uploads\/2024\/04\/\u8ab2\u672c1-211x300.png 211w, https:\/\/mandarinlearning-belgium.org\/wp-content\/uploads\/2024\/04\/\u8ab2\u672c1-722x1024.png 722w, https:\/\/mandarinlearning-belgium.org\/wp-content\/uploads\/2024\/04\/\u8ab2\u672c1-768x1090.png 768w, https:\/\/mandarinlearning-belgium.org\/wp-content\/uploads\/2024\/04\/\u8ab2\u672c1-8x12.png 8w, https:\/\/mandarinlearning-belgium.org\/wp-content\/uploads\/2024\/04\/\u8ab2\u672c1.png 790w\" sizes=\"(max-width: 211px) 100vw, 211px\" \/>\t\t\t\t\t\t\t\t<\/a>\n\t\t\t\t\t\t\t\t\t\t\t\t\t\t\t<\/div>\n\t\t\t\t<\/div>\n\t\t\t\t<div class=\"elementor-element elementor-element-8e6a70a elementor-align-center elementor-widget elementor-widget-button\" data-id=\"8e6a70a\" data-element_type=\"widget\" data-e-type=\"widget\" data-widget_type=\"button.default\">\n\t\t\t\t<div class=\"elementor-widget-container\">\n\t\t\t\t\t\t\t\t\t<div class=\"elementor-button-wrapper\">\n\t\t\t\t\t<a class=\"elementor-button elementor-button-link elementor-size-sm\" href=\"https:\/\/mandarinlearning-belgium.org\/wp-content\/uploads\/2024\/04\/\u4f86\u5b78\u83ef\u8a9e\u8ab2\u672c\u7b2c\u4e00\u518a.pdf\" target=\"_blank\">\n\t\t\t\t\t\t<span class=\"elementor-button-content-wrapper\">\n\t\t\t\t\t\t\t\t\t<span class=\"elementor-button-text\">Download PDF<\/span>\n\t\t\t\t\t<\/span>\n\t\t\t\t\t<\/a>\n\t\t\t\t<\/div>\n\t\t\t\t\t\t\t\t<\/div>\n\t\t\t\t<\/div>\n\t\t\t\t<\/div>\n\t\t<div data-particle_enable=\"false\" data-particle-mobile-disabled=\"false\" class=\"elementor-element elementor-element-ef27e50 e-con-full e-flex e-con e-child\" data-id=\"ef27e50\" data-element_type=\"container\" data-e-type=\"container\">\n\t\t\t\t<div class=\"elementor-element elementor-element-82cfff5 elementor-widget elementor-widget-image\" data-id=\"82cfff5\" data-element_type=\"widget\" data-e-type=\"widget\" data-widget_type=\"image.default\">\n\t\t\t\t<div class=\"elementor-widget-container\">\n\t\t\t\t\t\t\t\t\t\t\t\t\t\t\t\t<a href=\"https:\/\/mandarinlearning-belgium.org\/wp-content\/uploads\/2024\/04\/\u4f86\u5b78\u83ef\u8a9e\u8ab2\u672c\u7b2c\u4e8c\u518a.pdf\" target=\"_blank\">\n\t\t\t\t\t\t\t<img decoding=\"async\" width=\"211\" height=\"300\" src=\"https:\/\/mandarinlearning-belgium.org\/wp-content\/uploads\/2024\/04\/\u8ab2\u672c2-211x300.png\" class=\"attachment-medium size-medium wp-image-359\" alt=\"\" srcset=\"https:\/\/mandarinlearning-belgium.org\/wp-content\/uploads\/2024\/04\/\u8ab2\u672c2-211x300.png 211w, https:\/\/mandarinlearning-belgium.org\/wp-content\/uploads\/2024\/04\/\u8ab2\u672c2-722x1024.png 722w, https:\/\/mandarinlearning-belgium.org\/wp-content\/uploads\/2024\/04\/\u8ab2\u672c2-768x1090.png 768w, https:\/\/mandarinlearning-belgium.org\/wp-content\/uploads\/2024\/04\/\u8ab2\u672c2-8x12.png 8w, https:\/\/mandarinlearning-belgium.org\/wp-content\/uploads\/2024\/04\/\u8ab2\u672c2.png 790w\" sizes=\"(max-width: 211px) 100vw, 211px\" \/>\t\t\t\t\t\t\t\t<\/a>\n\t\t\t\t\t\t\t\t\t\t\t\t\t\t\t<\/div>\n\t\t\t\t<\/div>\n\t\t\t\t<div class=\"elementor-element elementor-element-7e791ac elementor-align-center elementor-widget elementor-widget-button\" data-id=\"7e791ac\" data-element_type=\"widget\" data-e-type=\"widget\" data-widget_type=\"button.default\">\n\t\t\t\t<div class=\"elementor-widget-container\">\n\t\t\t\t\t\t\t\t\t<div class=\"elementor-button-wrapper\">\n\t\t\t\t\t<a class=\"elementor-button elementor-button-link elementor-size-sm\" href=\"https:\/\/mandarinlearning-belgium.org\/wp-content\/uploads\/2024\/04\/\u4f86\u5b78\u83ef\u8a9e\u8ab2\u672c\u7b2c\u4e8c\u518a.pdf\" target=\"_blank\">\n\t\t\t\t\t\t<span class=\"elementor-button-content-wrapper\">\n\t\t\t\t\t\t\t\t\t<span class=\"elementor-button-text\">Download PDF<\/span>\n\t\t\t\t\t<\/span>\n\t\t\t\t\t<\/a>\n\t\t\t\t<\/div>\n\t\t\t\t\t\t\t\t<\/div>\n\t\t\t\t<\/div>\n\t\t\t\t<\/div>\n\t\t<div data-particle_enable=\"false\" data-particle-mobile-disabled=\"false\" class=\"elementor-element elementor-element-2ec0c63 e-con-full e-flex e-con e-child\" data-id=\"2ec0c63\" data-element_type=\"container\" data-e-type=\"container\">\n\t\t\t\t<div class=\"elementor-element elementor-element-0d74f7d elementor-widget elementor-widget-image\" data-id=\"0d74f7d\" data-element_type=\"widget\" data-e-type=\"widget\" data-widget_type=\"image.default\">\n\t\t\t\t<div class=\"elementor-widget-container\">\n\t\t\t\t\t\t\t\t\t\t\t\t\t\t\t\t<a href=\"https:\/\/mandarinlearning-belgium.org\/wp-content\/uploads\/2024\/04\/\u4f86\u5b78\u83ef\u8a9e\u8ab2\u672c\u7b2c\u4e09\u518a.pdf\" target=\"_blank\">\n\t\t\t\t\t\t\t<img decoding=\"async\" width=\"211\" height=\"300\" src=\"https:\/\/mandarinlearning-belgium.org\/wp-content\/uploads\/2024\/04\/\u8ab2\u672c3-211x300.png\" class=\"attachment-medium size-medium wp-image-358\" alt=\"\" srcset=\"https:\/\/mandarinlearning-belgium.org\/wp-content\/uploads\/2024\/04\/\u8ab2\u672c3-211x300.png 211w, https:\/\/mandarinlearning-belgium.org\/wp-content\/uploads\/2024\/04\/\u8ab2\u672c3-722x1024.png 722w, https:\/\/mandarinlearning-belgium.org\/wp-content\/uploads\/2024\/04\/\u8ab2\u672c3-768x1090.png 768w, https:\/\/mandarinlearning-belgium.org\/wp-content\/uploads\/2024\/04\/\u8ab2\u672c3-8x12.png 8w, https:\/\/mandarinlearning-belgium.org\/wp-content\/uploads\/2024\/04\/\u8ab2\u672c3.png 790w\" sizes=\"(max-width: 211px) 100vw, 211px\" \/>\t\t\t\t\t\t\t\t<\/a>\n\t\t\t\t\t\t\t\t\t\t\t\t\t\t\t<\/div>\n\t\t\t\t<\/div>\n\t\t\t\t<div class=\"elementor-element elementor-element-e201216 elementor-align-center elementor-widget elementor-widget-button\" data-id=\"e201216\" data-element_type=\"widget\" data-e-type=\"widget\" data-widget_type=\"button.default\">\n\t\t\t\t<div class=\"elementor-widget-container\">\n\t\t\t\t\t\t\t\t\t<div class=\"elementor-button-wrapper\">\n\t\t\t\t\t<a class=\"elementor-button elementor-button-link elementor-size-sm\" href=\"https:\/\/mandarinlearning-belgium.org\/wp-content\/uploads\/2024\/04\/\u4f86\u5b78\u83ef\u8a9e\u8ab2\u672c\u7b2c\u4e00\u518a.pdf\" target=\"_blank\">\n\t\t\t\t\t\t<span class=\"elementor-button-content-wrapper\">\n\t\t\t\t\t\t\t\t\t<span class=\"elementor-button-text\">Download PDF<\/span>\n\t\t\t\t\t<\/span>\n\t\t\t\t\t<\/a>\n\t\t\t\t<\/div>\n\t\t\t\t\t\t\t\t<\/div>\n\t\t\t\t<\/div>\n\t\t\t\t<\/div>\n\t\t<div data-particle_enable=\"false\" data-particle-mobile-disabled=\"false\" class=\"elementor-element elementor-element-eb40d85 e-con-full e-flex e-con e-child\" data-id=\"eb40d85\" data-element_type=\"container\" data-e-type=\"container\">\n\t\t\t\t<div class=\"elementor-element elementor-element-c1a2e12 elementor-widget elementor-widget-image\" data-id=\"c1a2e12\" data-element_type=\"widget\" data-e-type=\"widget\" data-widget_type=\"image.default\">\n\t\t\t\t<div class=\"elementor-widget-container\">\n\t\t\t\t\t\t\t\t\t\t\t\t\t\t\t\t<a href=\"https:\/\/mandarinlearning-belgium.org\/wp-content\/uploads\/2024\/04\/\u4f86\u5b78\u83ef\u8a9e\u8ab2\u672c\u7b2c\u56db\u518a.pdf\" target=\"_blank\">\n\t\t\t\t\t\t\t<img loading=\"lazy\" decoding=\"async\" width=\"211\" height=\"300\" src=\"https:\/\/mandarinlearning-belgium.org\/wp-content\/uploads\/2024\/04\/\u8ab2\u672c4-211x300.png\" class=\"attachment-medium size-medium wp-image-357\" alt=\"\" srcset=\"https:\/\/mandarinlearning-belgium.org\/wp-content\/uploads\/2024\/04\/\u8ab2\u672c4-211x300.png 211w, https:\/\/mandarinlearning-belgium.org\/wp-content\/uploads\/2024\/04\/\u8ab2\u672c4-722x1024.png 722w, https:\/\/mandarinlearning-belgium.org\/wp-content\/uploads\/2024\/04\/\u8ab2\u672c4-768x1090.png 768w, https:\/\/mandarinlearning-belgium.org\/wp-content\/uploads\/2024\/04\/\u8ab2\u672c4-8x12.png 8w, https:\/\/mandarinlearning-belgium.org\/wp-content\/uploads\/2024\/04\/\u8ab2\u672c4.png 790w\" sizes=\"(max-width: 211px) 100vw, 211px\" \/>\t\t\t\t\t\t\t\t<\/a>\n\t\t\t\t\t\t\t\t\t\t\t\t\t\t\t<\/div>\n\t\t\t\t<\/div>\n\t\t\t\t<div class=\"elementor-element elementor-element-8f99c5c elementor-align-center elementor-widget elementor-widget-button\" data-id=\"8f99c5c\" data-element_type=\"widget\" data-e-type=\"widget\" data-widget_type=\"button.default\">\n\t\t\t\t<div class=\"elementor-widget-container\">\n\t\t\t\t\t\t\t\t\t<div class=\"elementor-button-wrapper\">\n\t\t\t\t\t<a class=\"elementor-button elementor-button-link elementor-size-sm\" href=\"https:\/\/mandarinlearning-belgium.org\/wp-content\/uploads\/2024\/04\/\u4f86\u5b78\u83ef\u8a9e\u8ab2\u672c\u7b2c\u56db\u518a.pdf\" target=\"_blank\">\n\t\t\t\t\t\t<span class=\"elementor-button-content-wrapper\">\n\t\t\t\t\t\t\t\t\t<span class=\"elementor-button-text\">Download PDF<\/span>\n\t\t\t\t\t<\/span>\n\t\t\t\t\t<\/a>\n\t\t\t\t<\/div>\n\t\t\t\t\t\t\t\t<\/div>\n\t\t\t\t<\/div>\n\t\t\t\t<\/div>\n\t\t\t\t\t<\/div>\n\t\t\t\t<\/div>\n\t\t<div data-particle_enable=\"false\" data-particle-mobile-disabled=\"false\" class=\"elementor-element elementor-element-31e9985 e-flex e-con-boxed e-con e-parent\" data-id=\"31e9985\" data-element_type=\"container\" data-e-type=\"container\">\n\t\t\t\t\t<div class=\"e-con-inner\">\n\t\t<div data-particle_enable=\"false\" data-particle-mobile-disabled=\"false\" class=\"elementor-element elementor-element-4d0bab0 e-flex e-con-boxed e-con e-child\" data-id=\"4d0bab0\" data-element_type=\"container\" data-e-type=\"container\">\n\t\t\t\t\t<div class=\"e-con-inner\">\n\t\t\t\t<div class=\"elementor-element elementor-element-98c5881 elementor-widget elementor-widget-heading\" data-id=\"98c5881\" data-element_type=\"widget\" data-e-type=\"widget\" data-widget_type=\"heading.default\">\n\t\t\t\t<div class=\"elementor-widget-container\">\n\t\t\t\t\t<h4 class=\"elementor-heading-title elementor-size-default\">\u300aWorkbook\u300b<\/h4>\t\t\t\t<\/div>\n\t\t\t\t<\/div>\n\t\t\t\t\t<\/div>\n\t\t\t\t<\/div>\n\t\t\t\t\t<\/div>\n\t\t\t\t<\/div>\n\t\t<div data-particle_enable=\"false\" data-particle-mobile-disabled=\"false\" class=\"elementor-element elementor-element-d52fe86 e-flex e-con-boxed e-con e-parent\" data-id=\"d52fe86\" data-element_type=\"container\" data-e-type=\"container\">\n\t\t\t\t\t<div class=\"e-con-inner\">\n\t\t<div data-particle_enable=\"false\" data-particle-mobile-disabled=\"false\" class=\"elementor-element elementor-element-adb4eb7 e-con-full e-flex e-con e-child\" data-id=\"adb4eb7\" data-element_type=\"container\" data-e-type=\"container\">\n\t\t\t\t<div class=\"elementor-element elementor-element-8dd42e3 elementor-widget elementor-widget-image\" data-id=\"8dd42e3\" data-element_type=\"widget\" data-e-type=\"widget\" data-widget_type=\"image.default\">\n\t\t\t\t<div class=\"elementor-widget-container\">\n\t\t\t\t\t\t\t\t\t\t\t\t\t\t\t\t<a href=\"https:\/\/mandarinlearning-belgium.org\/wp-content\/uploads\/2024\/04\/\u4f86\u5b78\u83ef\u8a9e\u4f5c\u696d\u672c\u7b2c\u4e00\u518a.pdf\" target=\"_blank\">\n\t\t\t\t\t\t\t<img loading=\"lazy\" decoding=\"async\" width=\"211\" height=\"300\" src=\"https:\/\/mandarinlearning-belgium.org\/wp-content\/uploads\/2024\/04\/\u4f5c\u696d\u672c1-211x300.png\" class=\"attachment-medium size-medium wp-image-356\" alt=\"\" srcset=\"https:\/\/mandarinlearning-belgium.org\/wp-content\/uploads\/2024\/04\/\u4f5c\u696d\u672c1-211x300.png 211w, https:\/\/mandarinlearning-belgium.org\/wp-content\/uploads\/2024\/04\/\u4f5c\u696d\u672c1-722x1024.png 722w, https:\/\/mandarinlearning-belgium.org\/wp-content\/uploads\/2024\/04\/\u4f5c\u696d\u672c1-768x1090.png 768w, https:\/\/mandarinlearning-belgium.org\/wp-content\/uploads\/2024\/04\/\u4f5c\u696d\u672c1-8x12.png 8w, https:\/\/mandarinlearning-belgium.org\/wp-content\/uploads\/2024\/04\/\u4f5c\u696d\u672c1.png 790w\" sizes=\"(max-width: 211px) 100vw, 211px\" \/>\t\t\t\t\t\t\t\t<\/a>\n\t\t\t\t\t\t\t\t\t\t\t\t\t\t\t<\/div>\n\t\t\t\t<\/div>\n\t\t\t\t<div class=\"elementor-element elementor-element-5cffa7d elementor-align-center elementor-widget elementor-widget-button\" data-id=\"5cffa7d\" data-element_type=\"widget\" data-e-type=\"widget\" data-widget_type=\"button.default\">\n\t\t\t\t<div class=\"elementor-widget-container\">\n\t\t\t\t\t\t\t\t\t<div class=\"elementor-button-wrapper\">\n\t\t\t\t\t<a class=\"elementor-button elementor-button-link elementor-size-sm\" href=\"https:\/\/mandarinlearning-belgium.org\/wp-content\/uploads\/2024\/04\/\u4f86\u5b78\u83ef\u8a9e\u4f5c\u696d\u672c\u7b2c\u4e00\u518a.pdf\" target=\"_blank\">\n\t\t\t\t\t\t<span class=\"elementor-button-content-wrapper\">\n\t\t\t\t\t\t\t\t\t<span class=\"elementor-button-text\">Download PDF<\/span>\n\t\t\t\t\t<\/span>\n\t\t\t\t\t<\/a>\n\t\t\t\t<\/div>\n\t\t\t\t\t\t\t\t<\/div>\n\t\t\t\t<\/div>\n\t\t\t\t<\/div>\n\t\t<div data-particle_enable=\"false\" data-particle-mobile-disabled=\"false\" class=\"elementor-element elementor-element-3f015f4 e-con-full e-flex e-con e-child\" data-id=\"3f015f4\" data-element_type=\"container\" data-e-type=\"container\">\n\t\t\t\t<div class=\"elementor-element elementor-element-971efa2 elementor-widget elementor-widget-image\" data-id=\"971efa2\" data-element_type=\"widget\" data-e-type=\"widget\" data-widget_type=\"image.default\">\n\t\t\t\t<div class=\"elementor-widget-container\">\n\t\t\t\t\t\t\t\t\t\t\t\t\t\t\t\t<a href=\"https:\/\/mandarinlearning-belgium.org\/wp-content\/uploads\/2024\/04\/\u4f86\u5b78\u83ef\u8a9e\u4f5c\u696d\u672c\u7b2c\u4e8c\u518a.pdf\" target=\"_blank\">\n\t\t\t\t\t\t\t<img loading=\"lazy\" decoding=\"async\" width=\"211\" height=\"300\" src=\"https:\/\/mandarinlearning-belgium.org\/wp-content\/uploads\/2024\/04\/\u4f5c\u696d\u672c2-211x300.png\" class=\"attachment-medium size-medium wp-image-355\" alt=\"\" srcset=\"https:\/\/mandarinlearning-belgium.org\/wp-content\/uploads\/2024\/04\/\u4f5c\u696d\u672c2-211x300.png 211w, https:\/\/mandarinlearning-belgium.org\/wp-content\/uploads\/2024\/04\/\u4f5c\u696d\u672c2-722x1024.png 722w, https:\/\/mandarinlearning-belgium.org\/wp-content\/uploads\/2024\/04\/\u4f5c\u696d\u672c2-768x1090.png 768w, https:\/\/mandarinlearning-belgium.org\/wp-content\/uploads\/2024\/04\/\u4f5c\u696d\u672c2-8x12.png 8w, https:\/\/mandarinlearning-belgium.org\/wp-content\/uploads\/2024\/04\/\u4f5c\u696d\u672c2.png 790w\" sizes=\"(max-width: 211px) 100vw, 211px\" \/>\t\t\t\t\t\t\t\t<\/a>\n\t\t\t\t\t\t\t\t\t\t\t\t\t\t\t<\/div>\n\t\t\t\t<\/div>\n\t\t\t\t<div class=\"elementor-element elementor-element-900f262 elementor-align-center elementor-widget elementor-widget-button\" data-id=\"900f262\" data-element_type=\"widget\" data-e-type=\"widget\" data-widget_type=\"button.default\">\n\t\t\t\t<div class=\"elementor-widget-container\">\n\t\t\t\t\t\t\t\t\t<div class=\"elementor-button-wrapper\">\n\t\t\t\t\t<a class=\"elementor-button elementor-button-link elementor-size-sm\" href=\"https:\/\/mandarinlearning-belgium.org\/wp-content\/uploads\/2024\/04\/\u4f86\u5b78\u83ef\u8a9e\u4f5c\u696d\u672c\u7b2c\u4e8c\u518a.pdf\" target=\"_blank\">\n\t\t\t\t\t\t<span class=\"elementor-button-content-wrapper\">\n\t\t\t\t\t\t\t\t\t<span class=\"elementor-button-text\">Download PDF<\/span>\n\t\t\t\t\t<\/span>\n\t\t\t\t\t<\/a>\n\t\t\t\t<\/div>\n\t\t\t\t\t\t\t\t<\/div>\n\t\t\t\t<\/div>\n\t\t\t\t<\/div>\n\t\t<div data-particle_enable=\"false\" data-particle-mobile-disabled=\"false\" class=\"elementor-element elementor-element-3a5e1ee e-con-full e-flex e-con e-child\" data-id=\"3a5e1ee\" data-element_type=\"container\" data-e-type=\"container\">\n\t\t\t\t<div class=\"elementor-element elementor-element-64ea9b0 elementor-widget elementor-widget-image\" data-id=\"64ea9b0\" data-element_type=\"widget\" data-e-type=\"widget\" data-widget_type=\"image.default\">\n\t\t\t\t<div class=\"elementor-widget-container\">\n\t\t\t\t\t\t\t\t\t\t\t\t\t\t\t\t<a href=\"https:\/\/mandarinlearning-belgium.org\/wp-content\/uploads\/2024\/04\/\u4f86\u5b78\u83ef\u8a9e\u4f5c\u696d\u672c\u7b2c\u4e09\u518a.pdf\" target=\"_blank\">\n\t\t\t\t\t\t\t<img loading=\"lazy\" decoding=\"async\" width=\"211\" height=\"300\" src=\"https:\/\/mandarinlearning-belgium.org\/wp-content\/uploads\/2024\/04\/\u4f5c\u696d\u672c3-211x300.png\" class=\"attachment-medium size-medium wp-image-354\" alt=\"\" srcset=\"https:\/\/mandarinlearning-belgium.org\/wp-content\/uploads\/2024\/04\/\u4f5c\u696d\u672c3-211x300.png 211w, https:\/\/mandarinlearning-belgium.org\/wp-content\/uploads\/2024\/04\/\u4f5c\u696d\u672c3-722x1024.png 722w, https:\/\/mandarinlearning-belgium.org\/wp-content\/uploads\/2024\/04\/\u4f5c\u696d\u672c3-768x1090.png 768w, https:\/\/mandarinlearning-belgium.org\/wp-content\/uploads\/2024\/04\/\u4f5c\u696d\u672c3-8x12.png 8w, https:\/\/mandarinlearning-belgium.org\/wp-content\/uploads\/2024\/04\/\u4f5c\u696d\u672c3.png 790w\" sizes=\"(max-width: 211px) 100vw, 211px\" \/>\t\t\t\t\t\t\t\t<\/a>\n\t\t\t\t\t\t\t\t\t\t\t\t\t\t\t<\/div>\n\t\t\t\t<\/div>\n\t\t\t\t<div class=\"elementor-element elementor-element-078031d elementor-align-center elementor-widget elementor-widget-button\" data-id=\"078031d\" data-element_type=\"widget\" data-e-type=\"widget\" data-widget_type=\"button.default\">\n\t\t\t\t<div class=\"elementor-widget-container\">\n\t\t\t\t\t\t\t\t\t<div class=\"elementor-button-wrapper\">\n\t\t\t\t\t<a class=\"elementor-button elementor-button-link elementor-size-sm\" href=\"https:\/\/mandarinlearning-belgium.org\/wp-content\/uploads\/2024\/04\/\u4f86\u5b78\u83ef\u8a9e\u4f5c\u696d\u672c\u7b2c\u4e09\u518a.pdf\" target=\"_blank\">\n\t\t\t\t\t\t<span class=\"elementor-button-content-wrapper\">\n\t\t\t\t\t\t\t\t\t<span class=\"elementor-button-text\">Download PDF<\/span>\n\t\t\t\t\t<\/span>\n\t\t\t\t\t<\/a>\n\t\t\t\t<\/div>\n\t\t\t\t\t\t\t\t<\/div>\n\t\t\t\t<\/div>\n\t\t\t\t<\/div>\n\t\t<div data-particle_enable=\"false\" data-particle-mobile-disabled=\"false\" class=\"elementor-element elementor-element-874dd14 e-con-full e-flex e-con e-child\" data-id=\"874dd14\" data-element_type=\"container\" data-e-type=\"container\">\n\t\t\t\t<div class=\"elementor-element elementor-element-b7d5bb8 elementor-widget elementor-widget-image\" data-id=\"b7d5bb8\" data-element_type=\"widget\" data-e-type=\"widget\" data-widget_type=\"image.default\">\n\t\t\t\t<div class=\"elementor-widget-container\">\n\t\t\t\t\t\t\t\t\t\t\t\t\t\t\t\t<a href=\"https:\/\/mandarinlearning-belgium.org\/wp-content\/uploads\/2024\/04\/\u4f86\u5b78\u83ef\u8a9e\u4f5c\u696d\u672c\u7b2c\u56db\u518a.pdf\" target=\"_blank\">\n\t\t\t\t\t\t\t<img loading=\"lazy\" decoding=\"async\" width=\"211\" height=\"300\" src=\"https:\/\/mandarinlearning-belgium.org\/wp-content\/uploads\/2024\/04\/\u4f5c\u696d\u672c4-211x300.png\" class=\"attachment-medium size-medium wp-image-353\" alt=\"\" srcset=\"https:\/\/mandarinlearning-belgium.org\/wp-content\/uploads\/2024\/04\/\u4f5c\u696d\u672c4-211x300.png 211w, https:\/\/mandarinlearning-belgium.org\/wp-content\/uploads\/2024\/04\/\u4f5c\u696d\u672c4-722x1024.png 722w, https:\/\/mandarinlearning-belgium.org\/wp-content\/uploads\/2024\/04\/\u4f5c\u696d\u672c4-768x1090.png 768w, https:\/\/mandarinlearning-belgium.org\/wp-content\/uploads\/2024\/04\/\u4f5c\u696d\u672c4-8x12.png 8w, https:\/\/mandarinlearning-belgium.org\/wp-content\/uploads\/2024\/04\/\u4f5c\u696d\u672c4.png 790w\" sizes=\"(max-width: 211px) 100vw, 211px\" \/>\t\t\t\t\t\t\t\t<\/a>\n\t\t\t\t\t\t\t\t\t\t\t\t\t\t\t<\/div>\n\t\t\t\t<\/div>\n\t\t\t\t<div class=\"elementor-element elementor-element-f6d4301 elementor-align-center elementor-widget elementor-widget-button\" data-id=\"f6d4301\" data-element_type=\"widget\" data-e-type=\"widget\" data-widget_type=\"button.default\">\n\t\t\t\t<div class=\"elementor-widget-container\">\n\t\t\t\t\t\t\t\t\t<div class=\"elementor-button-wrapper\">\n\t\t\t\t\t<a class=\"elementor-button elementor-button-link elementor-size-sm\" href=\"https:\/\/mandarinlearning-belgium.org\/wp-content\/uploads\/2024\/04\/\u4f86\u5b78\u83ef\u8a9e\u4f5c\u696d\u672c\u7b2c\u56db\u518a.pdf\" target=\"_blank\">\n\t\t\t\t\t\t<span class=\"elementor-button-content-wrapper\">\n\t\t\t\t\t\t\t\t\t<span class=\"elementor-button-text\">Download PDF<\/span>\n\t\t\t\t\t<\/span>\n\t\t\t\t\t<\/a>\n\t\t\t\t<\/div>\n\t\t\t\t\t\t\t\t<\/div>\n\t\t\t\t<\/div>\n\t\t\t\t<\/div>\n\t\t\t\t\t<\/div>\n\t\t\t\t<\/div>\n\t\t\t\t<\/div>","protected":false},"excerpt":{"rendered":"<p>\u0f3a T\u00e9l\u00e9charger \u0f3b \u300aManuels\u300b T\u00e9l\u00e9charger PDF T\u00e9l\u00e9charger PDF T\u00e9l\u00e9charger PDF T\u00e9l\u00e9charger PDF \u300aDevoir d&rsquo;exercices\u300b T\u00e9l\u00e9charger PDF T\u00e9l\u00e9charger PDF T\u00e9l\u00e9charger PDF T\u00e9l\u00e9charger PDF<\/p>","protected":false},"author":3,"featured_media":0,"parent":0,"menu_order":0,"comment_status":"closed","ping_status":"closed","template":"","meta":{"footnotes":""},"class_list":["post-33","page","type-page","status-publish","hentry"],"_hostinger_reach_plugin_has_subscription_block":false,"_hostinger_reach_plugin_is_elementor":false,"_links":{"self":[{"href":"https:\/\/mandarinlearning-belgium.org\/en\/wp-json\/wp\/v2\/pages\/33","targetHints":{"allow":["GET"]}}],"collection":[{"href":"https:\/\/mandarinlearning-belgium.org\/en\/wp-json\/wp\/v2\/pages"}],"about":[{"href":"https:\/\/mandarinlearning-belgium.org\/en\/wp-json\/wp\/v2\/types\/page"}],"author":[{"embeddable":true,"href":"https:\/\/mandarinlearning-belgium.org\/en\/wp-json\/wp\/v2\/users\/3"}],"replies":[{"embeddable":true,"href":"https:\/\/mandarinlearning-belgium.org\/en\/wp-json\/wp\/v2\/comments?post=33"}],"version-history":[{"count":69,"href":"https:\/\/mandarinlearning-belgium.org\/en\/wp-json\/wp\/v2\/pages\/33\/revisions"}],"predecessor-version":[{"id":1440,"href":"https:\/\/mandarinlearning-belgium.org\/en\/wp-json\/wp\/v2\/pages\/33\/revisions\/1440"}],"wp:attachment":[{"href":"https:\/\/mandarinlearning-belgium.org\/en\/wp-json\/wp\/v2\/media?parent=33"}],"curies":[{"name":"wp","href":"https:\/\/api.w.org\/{rel}","templated":true}]}}