{"id":31,"date":"2024-04-14T05:03:08","date_gmt":"2024-04-14T03:03:08","guid":{"rendered":"https:\/\/mandarinlearning-belgium.org\/?page_id=31"},"modified":"2026-01-11T00:46:27","modified_gmt":"2026-01-10T23:46:27","slug":"cours","status":"publish","type":"page","link":"https:\/\/mandarinlearning-belgium.org\/en\/cours\/","title":{"rendered":"Course"},"content":{"rendered":"\t\t<div data-elementor-type=\"wp-page\" data-elementor-id=\"31\" class=\"elementor elementor-31\" data-elementor-post-type=\"page\">\n\t\t\t\t<div data-particle_enable=\"false\" data-particle-mobile-disabled=\"false\" class=\"elementor-element elementor-element-bcd6fb4 e-flex e-con-boxed e-con e-parent\" data-id=\"bcd6fb4\" data-element_type=\"container\" data-e-type=\"container\">\n\t\t\t\t\t<div class=\"e-con-inner\">\n\t\t<div data-particle_enable=\"false\" data-particle-mobile-disabled=\"false\" class=\"elementor-element elementor-element-8d22654 e-flex e-con-boxed e-con e-child\" data-id=\"8d22654\" data-element_type=\"container\" data-e-type=\"container\">\n\t\t\t\t\t<div class=\"e-con-inner\">\n\t\t\t\t<div class=\"elementor-element elementor-element-7dcb4eb elementor-widget elementor-widget-heading\" data-id=\"7dcb4eb\" data-element_type=\"widget\" data-e-type=\"widget\" data-widget_type=\"heading.default\">\n\t\t\t\t<div class=\"elementor-widget-container\">\n\t\t\t\t\t<h2 class=\"elementor-heading-title elementor-size-default\">\u0f3a Nos Cours \u0f3b<\/h2>\t\t\t\t<\/div>\n\t\t\t\t<\/div>\n\t\t\t\t\t<\/div>\n\t\t\t\t<\/div>\n\t\t\t\t\t<\/div>\n\t\t\t\t<\/div>\n\t\t<div data-particle_enable=\"false\" data-particle-mobile-disabled=\"false\" class=\"elementor-element elementor-element-9a3e1c8 e-flex e-con-boxed e-con e-parent\" data-id=\"9a3e1c8\" data-element_type=\"container\" data-e-type=\"container\">\n\t\t\t\t\t<div class=\"e-con-inner\">\n\t\t<div data-particle_enable=\"false\" data-particle-mobile-disabled=\"false\" class=\"elementor-element elementor-element-baab921 e-flex e-con-boxed e-con e-child\" data-id=\"baab921\" data-element_type=\"container\" data-e-type=\"container\">\n\t\t\t\t\t<div class=\"e-con-inner\">\n\t\t\t\t<div class=\"elementor-element elementor-element-f4a0e15 elementor-widget elementor-widget-text-editor\" data-id=\"f4a0e15\" data-element_type=\"widget\" data-e-type=\"widget\" data-widget_type=\"text-editor.default\">\n\t\t\t\t<div class=\"elementor-widget-container\">\n\t\t\t\t\t\t\t\t\t<p>Nous proposons des cours de mandarin pour toute personne de + 18ans. Les cours sont organis\u00e9s en fonction des niveaux d&rsquo; \u00e9l\u00e8ves et du nombre d&rsquo;inscriptions. Un test de niveau aura lieu apr\u00e8s l&rsquo;inscription. Nous enseignons les caract\u00e8res chinois traditionnels et nous appuyons sur les m\u00e9thodes et mat\u00e9riel p\u00e9dagogiques fournis par l&rsquo;OCAC de Taiwan dans le cadre du programme TCML.<\/p>\t\t\t\t\t\t\t\t<\/div>\n\t\t\t\t<\/div>\n\t\t\t\t\t<\/div>\n\t\t\t\t<\/div>\n\t\t<div data-particle_enable=\"false\" data-particle-mobile-disabled=\"false\" class=\"elementor-element elementor-element-332c79d e-flex e-con-boxed e-con e-child\" data-id=\"332c79d\" data-element_type=\"container\" data-e-type=\"container\" data-settings=\"{&quot;background_background&quot;:&quot;classic&quot;}\">\n\t\t\t\t\t<div class=\"e-con-inner\">\n\t\t\t\t<div class=\"elementor-element elementor-element-8943df7 elementor-widget elementor-widget-text-editor\" data-id=\"8943df7\" data-element_type=\"widget\" data-e-type=\"widget\" data-widget_type=\"text-editor.default\">\n\t\t\t\t<div class=\"elementor-widget-container\">\n\t\t\t\t\t\t\t\t\t<ul><li>Les cours sont donn\u00e9s en raison de 3heurs\/semaine pour une dur\u00e9e de 12 semaines par session<\/li><li>Combinaison du concept d&rsquo;\u00e9change culturel; Activit\u00e9 en classe<\/li><li>Exercices en groupe et individuels<\/li><li>Utilisation du manuel : Let&rsquo;s Learn Mandarin<\/li><li>Frais de cours: 120\u20ac\/session<\/li><li>La p\u00e9riode\uff1aDe Janvire \u00e0 Avril<\/li><\/ul>\t\t\t\t\t\t\t\t<\/div>\n\t\t\t\t<\/div>\n\t\t\t\t\t<\/div>\n\t\t\t\t<\/div>\n\t\t\t\t\t<\/div>\n\t\t\t\t<\/div>\n\t\t<div data-particle_enable=\"false\" data-particle-mobile-disabled=\"false\" class=\"elementor-element elementor-element-ccb6196 e-flex e-con-boxed e-con e-parent\" data-id=\"ccb6196\" data-element_type=\"container\" data-e-type=\"container\">\n\t\t\t\t\t<div class=\"e-con-inner\">\n\t\t<div data-particle_enable=\"false\" data-particle-mobile-disabled=\"false\" class=\"elementor-element elementor-element-b3f48ad e-con-full e-flex e-con e-child\" data-id=\"b3f48ad\" data-element_type=\"container\" data-e-type=\"container\" data-settings=\"{&quot;background_background&quot;:&quot;slideshow&quot;,&quot;background_slideshow_gallery&quot;:[{&quot;id&quot;:222,&quot;url&quot;:&quot;http:\\\/\\\/mandarinlearning-belgium.org\\\/wp-content\\\/uploads\\\/2024\\\/04\\\/Register-Background.png&quot;}],&quot;background_slideshow_loop&quot;:&quot;yes&quot;,&quot;background_slideshow_slide_duration&quot;:5000,&quot;background_slideshow_slide_transition&quot;:&quot;fade&quot;,&quot;background_slideshow_transition_duration&quot;:500}\">\n\t\t\t\t<div class=\"elementor-element elementor-element-061d5a7 elementor-widget elementor-widget-heading\" data-id=\"061d5a7\" data-element_type=\"widget\" data-e-type=\"widget\" data-settings=\"{&quot;motion_fx_motion_fx_mouse&quot;:&quot;yes&quot;,&quot;motion_fx_tilt_effect&quot;:&quot;yes&quot;,&quot;motion_fx_tilt_speed&quot;:{&quot;unit&quot;:&quot;px&quot;,&quot;size&quot;:2.5,&quot;sizes&quot;:[]}}\" data-widget_type=\"heading.default\">\n\t\t\t\t<div class=\"elementor-widget-container\">\n\t\t\t\t\t<h2 class=\"elementor-heading-title elementor-size-default\">TCML agenda 1ere session 2026<\/h2>\t\t\t\t<\/div>\n\t\t\t\t<\/div>\n\t\t\t\t<div class=\"elementor-element elementor-element-7ad9479 elementor-widget elementor-widget-text-editor\" data-id=\"7ad9479\" data-element_type=\"widget\" data-e-type=\"widget\" data-widget_type=\"text-editor.default\">\n\t\t\t\t<div class=\"elementor-widget-container\">\n\t\t\t\t\t\t\t\t\t<p><b>Janvier \u00e0 avril 2026<\/b><\/p>\t\t\t\t\t\t\t\t<\/div>\n\t\t\t\t<\/div>\n\t\t\t\t<div class=\"elementor-element elementor-element-d880c54 elementor-widget elementor-widget-text-editor\" data-id=\"d880c54\" data-element_type=\"widget\" data-e-type=\"widget\" data-widget_type=\"text-editor.default\">\n\t\t\t\t<div class=\"elementor-widget-container\">\n\t\t\t\t\t\t\t\t\t<p>10h-13h pour niveau 2<br \/>14h-17h pour niveau 1<br \/>niveau 0 (depending on the number of registration)<\/p><p><b>Local de classe: Rue Joseph II 18, (pr\u00e8s du m\u00e9tro Arts-Loi) 1000 Bruxelles<\/b><\/p>\t\t\t\t\t\t\t\t<\/div>\n\t\t\t\t<\/div>\n\t\t\t\t<div class=\"elementor-element elementor-element-1e6c137 elementor-align-center elementor-widget elementor-widget-button\" data-id=\"1e6c137\" data-element_type=\"widget\" data-e-type=\"widget\" data-widget_type=\"button.default\">\n\t\t\t\t<div class=\"elementor-widget-container\">\n\t\t\t\t\t\t\t\t\t<div class=\"elementor-button-wrapper\">\n\t\t\t\t\t<a class=\"elementor-button elementor-button-link elementor-size-sm\" href=\"https:\/\/docs.google.com\/forms\/d\/e\/1FAIpQLSePQiAWQKwUJFlhu3U4P2Wg_AIC9pRKy-zYrhalXX4f4psUwg\/viewform\" target=\"_blank\">\n\t\t\t\t\t\t<span class=\"elementor-button-content-wrapper\">\n\t\t\t\t\t\t\t\t\t<span class=\"elementor-button-text\">Inscrivez-vous<\/span>\n\t\t\t\t\t<\/span>\n\t\t\t\t\t<\/a>\n\t\t\t\t<\/div>\n\t\t\t\t\t\t\t\t<\/div>\n\t\t\t\t<\/div>\n\t\t\t\t<\/div>\n\t\t\t\t\t<\/div>\n\t\t\t\t<\/div>\n\t\t<div data-particle_enable=\"false\" data-particle-mobile-disabled=\"false\" class=\"elementor-element elementor-element-2dbad19 e-flex e-con-boxed e-con e-parent\" data-id=\"2dbad19\" data-element_type=\"container\" data-e-type=\"container\">\n\t\t\t\t\t<div class=\"e-con-inner\">\n\t\t\t\t<div class=\"elementor-element elementor-element-1922179 elementor-widget elementor-widget-spacer\" data-id=\"1922179\" data-element_type=\"widget\" data-e-type=\"widget\" data-widget_type=\"spacer.default\">\n\t\t\t\t<div class=\"elementor-widget-container\">\n\t\t\t\t\t\t\t<div class=\"elementor-spacer\">\n\t\t\t<div class=\"elementor-spacer-inner\"><\/div>\n\t\t<\/div>\n\t\t\t\t\t\t<\/div>\n\t\t\t\t<\/div>\n\t\t\t\t<div class=\"elementor-element elementor-element-e562ed7 elementor-widget elementor-widget-heading\" data-id=\"e562ed7\" data-element_type=\"widget\" data-e-type=\"widget\" data-widget_type=\"heading.default\">\n\t\t\t\t<div class=\"elementor-widget-container\">\n\t\t\t\t\t<h3 class=\"elementor-heading-title elementor-size-default\">Site de r\u00e9f\u00e9rence<\/h3>\t\t\t\t<\/div>\n\t\t\t\t<\/div>\n\t\t<div data-particle_enable=\"false\" data-particle-mobile-disabled=\"false\" class=\"elementor-element elementor-element-9cf45b6 e-flex e-con-boxed e-con e-child\" data-id=\"9cf45b6\" data-element_type=\"container\" data-e-type=\"container\">\n\t\t\t\t\t<div class=\"e-con-inner\">\n\t\t<div data-particle_enable=\"false\" data-particle-mobile-disabled=\"false\" class=\"elementor-element elementor-element-16be54c e-con-full e-flex e-con e-child\" data-id=\"16be54c\" data-element_type=\"container\" data-e-type=\"container\">\n\t\t\t\t<div class=\"elementor-element elementor-element-e6155ed elementor-widget-mobile__width-initial elementor-widget elementor-widget-image\" data-id=\"e6155ed\" data-element_type=\"widget\" data-e-type=\"widget\" data-widget_type=\"image.default\">\n\t\t\t\t<div class=\"elementor-widget-container\">\n\t\t\t\t\t\t\t\t\t\t\t\t\t\t\t\t<a href=\"https:\/\/taiwancenter.taiwan-world.net\/\">\n\t\t\t\t\t\t\t<img decoding=\"async\" width=\"300\" height=\"114\" src=\"https:\/\/mandarinlearning-belgium.org\/wp-content\/uploads\/2024\/04\/Page-Logo-01-300x114.png\" class=\"attachment-medium size-medium wp-image-113\" alt=\"\" srcset=\"https:\/\/mandarinlearning-belgium.org\/wp-content\/uploads\/2024\/04\/Page-Logo-01-300x114.png 300w, https:\/\/mandarinlearning-belgium.org\/wp-content\/uploads\/2024\/04\/Page-Logo-01-18x7.png 18w, https:\/\/mandarinlearning-belgium.org\/wp-content\/uploads\/2024\/04\/Page-Logo-01.png 727w\" sizes=\"(max-width: 300px) 100vw, 300px\" \/>\t\t\t\t\t\t\t\t<\/a>\n\t\t\t\t\t\t\t\t\t\t\t\t\t\t\t<\/div>\n\t\t\t\t<\/div>\n\t\t\t\t<\/div>\n\t\t<div data-particle_enable=\"false\" data-particle-mobile-disabled=\"false\" class=\"elementor-element elementor-element-fa2ae38 e-con-full e-flex e-con e-child\" data-id=\"fa2ae38\" data-element_type=\"container\" data-e-type=\"container\">\n\t\t\t\t<div class=\"elementor-element elementor-element-7538f19 elementor-widget-mobile__width-initial elementor-widget elementor-widget-image\" data-id=\"7538f19\" data-element_type=\"widget\" data-e-type=\"widget\" data-widget_type=\"image.default\">\n\t\t\t\t<div class=\"elementor-widget-container\">\n\t\t\t\t\t\t\t\t\t\t\t\t\t\t\t\t<a href=\"https:\/\/tocfl.edu.tw\/\">\n\t\t\t\t\t\t\t<img decoding=\"async\" width=\"300\" height=\"141\" src=\"https:\/\/mandarinlearning-belgium.org\/wp-content\/uploads\/2024\/04\/Page-Logo-06-300x141.png\" class=\"attachment-medium size-medium wp-image-1091\" alt=\"\" srcset=\"https:\/\/mandarinlearning-belgium.org\/wp-content\/uploads\/2024\/04\/Page-Logo-06-300x141.png 300w, https:\/\/mandarinlearning-belgium.org\/wp-content\/uploads\/2024\/04\/Page-Logo-06-18x8.png 18w, https:\/\/mandarinlearning-belgium.org\/wp-content\/uploads\/2024\/04\/Page-Logo-06.png 722w\" sizes=\"(max-width: 300px) 100vw, 300px\" \/>\t\t\t\t\t\t\t\t<\/a>\n\t\t\t\t\t\t\t\t\t\t\t\t\t\t\t<\/div>\n\t\t\t\t<\/div>\n\t\t\t\t<\/div>\n\t\t<div data-particle_enable=\"false\" data-particle-mobile-disabled=\"false\" class=\"elementor-element elementor-element-f930256 e-con-full e-flex e-con e-child\" data-id=\"f930256\" data-element_type=\"container\" data-e-type=\"container\">\n\t\t\t\t<div class=\"elementor-element elementor-element-ec27ef0 elementor-widget-mobile__width-initial elementor-widget elementor-widget-image\" data-id=\"ec27ef0\" data-element_type=\"widget\" data-e-type=\"widget\" data-widget_type=\"image.default\">\n\t\t\t\t<div class=\"elementor-widget-container\">\n\t\t\t\t\t\t\t\t\t\t\t\t\t\t\t\t<a href=\"https:\/\/www.huayuworld.org\/\">\n\t\t\t\t\t\t\t<img decoding=\"async\" width=\"300\" height=\"114\" src=\"https:\/\/mandarinlearning-belgium.org\/wp-content\/uploads\/2024\/04\/Page-Logo-05-300x114.png\" class=\"attachment-medium size-medium wp-image-221\" alt=\"\" srcset=\"https:\/\/mandarinlearning-belgium.org\/wp-content\/uploads\/2024\/04\/Page-Logo-05-300x114.png 300w, https:\/\/mandarinlearning-belgium.org\/wp-content\/uploads\/2024\/04\/Page-Logo-05-18x7.png 18w, https:\/\/mandarinlearning-belgium.org\/wp-content\/uploads\/2024\/04\/Page-Logo-05.png 727w\" sizes=\"(max-width: 300px) 100vw, 300px\" \/>\t\t\t\t\t\t\t\t<\/a>\n\t\t\t\t\t\t\t\t\t\t\t\t\t\t\t<\/div>\n\t\t\t\t<\/div>\n\t\t\t\t<\/div>\n\t\t\t\t\t<\/div>\n\t\t\t\t<\/div>\n\t\t\t\t\t<\/div>\n\t\t\t\t<\/div>\n\t\t\t\t<\/div>\n\t\t","protected":false},"excerpt":{"rendered":"<p>Nous proposons des cours de mandarin pour toute personne de + 18ans. Les cours sont organis\u00e9s en fonction des niveaux d&rsquo; \u00e9l\u00e8ves et du nombre d&rsquo;inscriptions. Un test de niveau aura lieu apr\u00e8s l&rsquo;inscription&#8230;<\/p>","protected":false},"author":3,"featured_media":1472,"parent":0,"menu_order":0,"comment_status":"closed","ping_status":"closed","template":"","meta":{"footnotes":""},"class_list":["post-31","page","type-page","status-publish","has-post-thumbnail","hentry"],"_hostinger_reach_plugin_has_subscription_block":false,"_hostinger_reach_plugin_is_elementor":false,"_links":{"self":[{"href":"https:\/\/mandarinlearning-belgium.org\/en\/wp-json\/wp\/v2\/pages\/31","targetHints":{"allow":["GET"]}}],"collection":[{"href":"https:\/\/mandarinlearning-belgium.org\/en\/wp-json\/wp\/v2\/pages"}],"about":[{"href":"https:\/\/mandarinlearning-belgium.org\/en\/wp-json\/wp\/v2\/types\/page"}],"author":[{"embeddable":true,"href":"https:\/\/mandarinlearning-belgium.org\/en\/wp-json\/wp\/v2\/users\/3"}],"replies":[{"embeddable":true,"href":"https:\/\/mandarinlearning-belgium.org\/en\/wp-json\/wp\/v2\/comments?post=31"}],"version-history":[{"count":144,"href":"https:\/\/mandarinlearning-belgium.org\/en\/wp-json\/wp\/v2\/pages\/31\/revisions"}],"predecessor-version":[{"id":2067,"href":"https:\/\/mandarinlearning-belgium.org\/en\/wp-json\/wp\/v2\/pages\/31\/revisions\/2067"}],"wp:featuredmedia":[{"embeddable":true,"href":"https:\/\/mandarinlearning-belgium.org\/en\/wp-json\/wp\/v2\/media\/1472"}],"wp:attachment":[{"href":"https:\/\/mandarinlearning-belgium.org\/en\/wp-json\/wp\/v2\/media?parent=31"}],"curies":[{"name":"wp","href":"https:\/\/api.w.org\/{rel}","templated":true}]}}